{"id":58,"date":"2023-09-14T21:04:17","date_gmt":"2023-09-14T19:04:17","guid":{"rendered":"https:\/\/ritasaxmarktest.wordpress.com\/?page_id=58"},"modified":"2025-06-05T16:36:43","modified_gmt":"2025-06-05T16:36:43","slug":"biografi","status":"publish","type":"page","link":"https:\/\/ritasaxmark.se\/index.php\/biografi\/","title":{"rendered":"Biografi"},"content":{"rendered":"\n<p class=\"has-medium-font-size\"><strong>Utbildning&nbsp;<\/strong><\/p>\n\n\n\n<p class=\"has-medium-font-size\" style=\"font-style:normal;font-weight:400;text-transform:none\">Jag kommer fr\u00e5n Bohusl\u00e4n och kom in p\u00e5 Operah\u00f6gskolan i G\u00f6teborg -90. I Stockholm gick jag Kulturama, Operastudio 67. I London masterclasses f\u00f6r Sir Geoffrey Parsons, Professor Laura Sarti, and Professor Paul Hamburger at &#8220;The Guildhall School of Music and Drama&#8221; samt f\u00f6r David Harper. I Danmark f\u00f6r Susanna Eken och Kirsten Buhl M\u00f8ller. I Sverige tog jag s\u00e5nglektioner f\u00f6r Margareta Ridderstedt m.fl Jag \u00e4r \u00e4ven examinerad Logonom vid SMI, h\u00f6gskolan Stockholms Musikpedagogiska Institut.&nbsp;<\/p>\n\n\n\n<div style=\"height:15px\" aria-hidden=\"true\" class=\"wp-block-spacer\"><\/div>\n\n\n\n<p class=\"has-medium-font-size\" style=\"font-style:normal;font-weight:100;text-transform:none\"><strong>Opera, operett &amp; musikal&nbsp;<\/strong><\/p>\n\n\n\n<p class=\"has-medium-font-size\">En roll som f\u00f6ljt mig genom \u00e5ren \u00e4r den h\u00e4rliga divarollen som opera primadonnan \u201dCarlotta\u201d i musikalen <em>The Phantom of The Opera<\/em> som jag gjorde p\u00e5 p\u00e5 Oscarsteatern i Stockholm, Stadsschouwburg i Antwerpen och Det Ny Teater i K\u00f6penhamn.&nbsp;Detta varvades med \u201dAd\u00e9le\u201d i <em>L\u00e4derlappen<\/em> p\u00e5 Malm\u00f6 Operan och huvudrollen \u201dLizzy\u201d i operan <em>Stolthet och F\u00f6rdom<\/em> f\u00f6r Sk\u00e5nska Operan. Tidigare sj\u00f6ng jag huvudollen  &#8220;Alfonsina&#8221; i operan <em>Il Convito<\/em> p\u00e5 Cortonateatern i Italien och i Jukkasj\u00e4rvi rollen som &#8220;Celie&#8221; i operan <em>Signor Deluso<\/em> med Opera Vildmark. Jag har \u00e4ven g\u00e4stat Norrlandsoperan i Ume\u00e5 i <em>Figaros Br\u00f6llop<\/em> samt varit s\u00e5ngsolist i teaterstycket <em>Amad\u00e9us<\/em> vid \u00d6stra Gaesverksteatret i K\u00f6penhamn. Huvudrollen &#8220;Sylva&#8221; i <em>Csardasfurstinnan<\/em> och &#8220;prinsessan Palinska&#8221; i <em>Cirkusprinsessan<\/em> med Stockholms Operettensemble. Konserter med orkestrar i Sverige och utomlands.&nbsp;<\/p>\n\n\n\n<div style=\"height:15px\" aria-hidden=\"true\" class=\"wp-block-spacer\"><\/div>\n\n\n\n<p class=\"has-medium-font-size\">Som <em>musikals\u00e5ngerska<\/em> har jag \u00e4ven medverkat i fler upps\u00e4ttningar s\u00e5som L\u00e9s Mis\u00e9rables p\u00e5 Cirkus i Stockholm, Sound of music p\u00e5 G\u00f6ta Lejon i Stockholm, My Fair Lady p\u00e5 Stadsteatern i Stockholm, West Side Story och Jack The Ripper p\u00e5 G\u00f6terborgs Stadsteater m.fl. <\/p>\n\n\n\n<div style=\"height:15px\" aria-hidden=\"true\" class=\"wp-block-spacer\"><\/div>\n\n\n\n<div style=\"height:15px\" aria-hidden=\"true\" class=\"wp-block-spacer\"><\/div>\n\n\n\n<p class=\"has-medium-font-size\"><strong>\u00d6vrigt<\/strong><\/p>\n\n\n\n<p class=\"has-medium-font-size\" style=\"font-style:normal;font-weight:300\"><em>Jazz<\/em> ligger mig varmt om hj\u00e4rtat. I G\u00f6teborg var jag solist S\u00e4vedalen BB, Uddevalla BB, Partille BB och Handelsh\u00f6gskolans BB. Var \u00e4ven vokalist i Erik Nordstr\u00f6ms kvartett med musiker som gitarristen Rune Gustavsson, pianisten Tommy Kotter, trombonist B-\u00c5 Andersson. Var \u00e4ven vokalist med Henrik Mossberg trio.&nbsp;<\/p>\n\n\n\n<div style=\"height:10px\" aria-hidden=\"true\" class=\"wp-block-spacer\"><\/div>\n\n\n\n<p class=\"has-medium-font-size\">Under m\u00e5nga \u00e5r konserterade jag med Carl-Axel Dominique och Monica Dominique i Bohusl\u00e4n och i Stockholm.  Jag var solist i krogshowen <em>That\u00b4s Amore<\/em> p\u00e5 Tyrol i Stockholm. G\u00e4stsolist i TV programmen <em>Alls\u00e5ng p\u00e5 Skansen<\/em>, <em>Go\u00b4morron Sverige<\/em>, <em>Inte bara Orback, L\u00f6rd\u00e1 med Larssons, \u00d6sten m\u00e9 resten<\/em> m.fl. plus i olika radiosammanhang. Gjorde huvudrollen som <em>Dorabella<\/em> pilotfilmen <em>Sj\u00e4lamaskinen<\/em> genom svensk filmindustri. Regi: Cecar Galindo.&nbsp;<\/p>\n\n\n\n<div style=\"height:10px\" aria-hidden=\"true\" class=\"wp-block-spacer\"><\/div>\n\n\n\n<p style=\"font-size:20px\">I OperaCabaret-gruppen <em>The Diamonds<\/em> \u00e4r jag s\u00e5ngerska och medproducent tillsammans med <\/p>\n\n\n\n<p class=\"has-medium-font-size\">s\u00e5ngerskan Linn\u00e9a Sallay och pianist Jan-Erik Sandvik sedan ca 20 \u00e5r. V\u00e5ra shower inneh\u00e5ller <\/p>\n\n\n\n<p style=\"font-size:20px\">opera, operett, visor, musikal, evergreens och jazz. Vi upptr\u00e4der p\u00e5 olika teatrar runt om i Sverige, <\/p>\n\n\n\n<p class=\"has-medium-font-size\">events f\u00f6r f\u00f6retag, f\u00f6reningar och vid olika jubileer. <\/p>\n\n\n\n<div style=\"height:10px\" aria-hidden=\"true\" class=\"wp-block-spacer\"><\/div>\n\n\n\n<p class=\"has-medium-font-size\"><em>Duo Rita &amp; Sabina<\/em> &#8211; har gjort olika program sedan 2011 runt om i Sverige och vid festivaler i England.<\/p>\n\n\n\n<div style=\"height:20px\" aria-hidden=\"true\" class=\"wp-block-spacer\"><\/div>\n\n\n\n<p class=\"has-medium-font-size\"><strong>Idag&nbsp;<\/strong><\/p>\n\n\n\n<p class=\"has-medium-font-size\">Jag arbetar i olika musikaliska konstellationer och konserterar i Sverige och utomlands och \u00e4r \u00e4ven g\u00e4stsolist i olika sammanhang. Det sistn\u00e4mnda t.ex med Janne Schaffer och Jonas Gideon. Jag producerar st\u00e4ndigt nya musikaliska program tillsammans med mina medmusiker. Samarbetspartners \u00e4r Staffan Sj\u00f6gren gitarr, Sabina Agnas gitarr, Jan-Erik Sandvik piano, Pal Johnsson bas, Carina E Nilsson piano, Joakim Kallhed piano, Sten Sundstr\u00f6m piano, Stefan Ydefeldt piano, Linn\u00e9a Sallay s\u00e5ng &amp; fiol. Och fr\u00e5n Saxmark Soulmates Christoph Rabl piano, s\u00e5ng, arrang\u00f6r, Christina Gaismeier fiol, Theresa Gaismeier cello, piano. <\/p>\n\n\n\n<p class=\"has-medium-font-size\"><\/p>\n\n\n\n<p class=\"has-medium-font-size\">Jag arbetar p\u00e5 en ny skiva med eget material som ber\u00e4knas komma ut i slutet av 2026.<\/p>\n\n\n\n<div style=\"height:10px\" aria-hidden=\"true\" class=\"wp-block-spacer\"><\/div>\n\n\n\n<p class=\"has-medium-font-size\"><strong>Privat&nbsp;<\/strong><\/p>\n\n\n\n<p class=\"has-medium-font-size\">Jag \u00e4lskar m\u00e4nniskor och att sprida gl\u00e4dje, rymden, universum, vetenskap, laga mat, naturen, skriva s\u00e5nger och dikter, l\u00e4sa, filosofera, waila, vissla, klinka gitarr, spela piano, hitta nya l\u00f6sningar, entrepren\u00f6rsskap och samh\u00e4llsfr\u00e5gor. Jag k\u00f6pte ett italienska dragspel \u201dCancini\u201d&nbsp;under pandemin och kan spela en massa h\u00e4rliga l\u00e5tar nu. Har \u00e4ven b\u00f6rjat t\u00e4lja i tr\u00e4 och ofta blir det hj\u00e4rtan eller sm\u00f6rknivar. <\/p>\n\n\n\n<p class=\"has-medium-font-size\"><em>\u201dAlla morgondagens blommor g\u00f6mmer sig i de fr\u00f6n som s\u00e5s idag\u201d<\/em>&nbsp;&#8211; ett t\u00e4nkv\u00e4rt ordspr\u00e5k!<\/p>\n","protected":false},"excerpt":{"rendered":"<p>Utbildning&nbsp; Jag kommer fr\u00e5n Bohusl\u00e4n och kom in p\u00e5 Operah\u00f6gskolan i G\u00f6teborg -90. I Stockholm gick jag Kulturama, Operastudio 67. I London masterclasses f\u00f6r Sir Geoffrey Parsons, Professor Laura Sarti, and Professor Paul Hamburger at &#8220;The Guildhall School of Music and Drama&#8221; samt f\u00f6r David Harper. I Danmark f\u00f6r Susanna Eken och Kirsten Buhl M\u00f8ller. [&hellip;]<\/p>\n","protected":false},"author":1,"featured_media":0,"parent":0,"menu_order":0,"comment_status":"closed","ping_status":"closed","template":"","meta":{"footnotes":""},"class_list":["post-58","page","type-page","status-publish","hentry"],"_links":{"self":[{"href":"https:\/\/ritasaxmark.se\/index.php\/wp-json\/wp\/v2\/pages\/58","targetHints":{"allow":["GET"]}}],"collection":[{"href":"https:\/\/ritasaxmark.se\/index.php\/wp-json\/wp\/v2\/pages"}],"about":[{"href":"https:\/\/ritasaxmark.se\/index.php\/wp-json\/wp\/v2\/types\/page"}],"author":[{"embeddable":true,"href":"https:\/\/ritasaxmark.se\/index.php\/wp-json\/wp\/v2\/users\/1"}],"replies":[{"embeddable":true,"href":"https:\/\/ritasaxmark.se\/index.php\/wp-json\/wp\/v2\/comments?post=58"}],"version-history":[{"count":66,"href":"https:\/\/ritasaxmark.se\/index.php\/wp-json\/wp\/v2\/pages\/58\/revisions"}],"predecessor-version":[{"id":1650,"href":"https:\/\/ritasaxmark.se\/index.php\/wp-json\/wp\/v2\/pages\/58\/revisions\/1650"}],"wp:attachment":[{"href":"https:\/\/ritasaxmark.se\/index.php\/wp-json\/wp\/v2\/media?parent=58"}],"curies":[{"name":"wp","href":"https:\/\/api.w.org\/{rel}","templated":true}]}}